{"id":77018,"date":"2024-04-04T08:50:56","date_gmt":"2024-04-04T06:50:56","guid":{"rendered":"https:\/\/www.topstar.de\/?page_id=77018"},"modified":"2024-11-08T12:46:57","modified_gmt":"2024-11-08T11:46:57","slug":"downloads","status":"publish","type":"page","link":"https:\/\/www.topstar.de\/en\/downloads\/","title":{"rendered":"Downloads"},"content":{"rendered":"<p>[et_pb_section fb_built=&#8221;1&#8243; admin_label=&#8221;TOP-15-text-in-frame-beige&#8221; _builder_version=&#8221;4.20.4&#8243; _module_preset=&#8221;d0de131b-a4f2-4016-8dfe-72f73d5b12d7&#8243; collapsed=&#8221;off&#8221; global_colors_info=&#8221;{}&#8221;][et_pb_row _builder_version=&#8221;4.20.4&#8243; _module_preset=&#8221;default&#8221; custom_margin=&#8221;||||false|false&#8221; custom_padding=&#8221;0px|0px|0px|0px|false|false&#8221; global_colors_info=&#8221;{}&#8221;][et_pb_column type=&#8221;4_4&#8243; _builder_version=&#8221;4.20.4&#8243; _module_preset=&#8221;default&#8221; global_colors_info=&#8221;{}&#8221;][et_pb_text admin_label=&#8221;Headline&#8221; module_class=&#8221;top-hero-mirror-h1&#8243; _builder_version=&#8221;4.20.4&#8243; _module_preset=&#8221;default&#8221; text_font=&#8221;|300|||||||&#8221; text_text_color=&#8221;#000000&#8243; text_font_size=&#8221;16px&#8221; text_line_height=&#8221;1.8em&#8221; header_font=&#8221;Stag Sans Light||||||||&#8221; header_text_align=&#8221;left&#8221; header_text_color=&#8221;#000000&#8243; header_font_size=&#8221;60px&#8221; header_line_height=&#8221;64px&#8221; header_2_font=&#8221;Alliance No 2 &#8211; Light||||||||&#8221; header_2_text_color=&#8221;#2e2a2b&#8221; header_2_font_size=&#8221;44px&#8221; header_2_line_height=&#8221;1.3em&#8221; header_3_font=&#8221;Stag Sans Light||||||||&#8221; header_3_text_color=&#8221;#000000&#8243; header_3_font_size=&#8221;28px&#8221; header_3_line_height=&#8221;38px&#8221; header_4_font=&#8221;Stag Sans Light||||||||&#8221; header_4_text_color=&#8221;#000000&#8243; header_4_font_size=&#8221;20px&#8221; header_4_line_height=&#8221;28px&#8221; header_5_font=&#8221;Source Sans Pro||||||||&#8221; header_5_text_color=&#8221;#000000&#8243; header_5_font_size=&#8221;20px&#8221; header_5_line_height=&#8221;28px&#8221; header_6_font=&#8221;Source Sans Pro Semibold||||||||&#8221; header_6_text_color=&#8221;#000000&#8243; header_6_font_size=&#8221;18px&#8221; header_6_line_height=&#8221;26px&#8221; max_width_tablet=&#8221;&#8221; max_width_phone=&#8221;&#8221; max_width_last_edited=&#8221;on|phone&#8221; module_alignment=&#8221;left&#8221; custom_margin=&#8221;0px|0px|0px|0px|false|false&#8221; custom_padding=&#8221;0px|0px|0px|0px|false|false&#8221; header_font_size_tablet=&#8221;&#8221; header_font_size_phone=&#8221;46px&#8221; header_font_size_last_edited=&#8221;on|desktop&#8221; header_line_height_tablet=&#8221;&#8221; header_line_height_phone=&#8221;48px&#8221; header_line_height_last_edited=&#8221;on|phone&#8221; header_2_font_tablet=&#8221;Alliance No 2 &#8211; Light||||||||&#8221; header_2_font_phone=&#8221;Alliance No 2 &#8211; Light||||||||&#8221; header_2_font_last_edited=&#8221;on|phone&#8221; header_2_font_size_tablet=&#8221;44px&#8221; header_2_font_size_phone=&#8221;30px&#8221; header_2_font_size_last_edited=&#8221;on|phone&#8221; locked=&#8221;off&#8221; global_colors_info=&#8221;%91%93&#8243;]<\/p>\n<h2>Downloads<\/h2>\n<p>[\/et_pb_text][\/et_pb_column][\/et_pb_row][\/et_pb_section][et_pb_section fb_built=&#8221;1&#8243; admin_label=&#8221;TOP-130-text-left-picture-right-fullwidth&#8221; module_class=&#8221;TOP-130-text-left-picture-right-fullwidth&#8221; _builder_version=&#8221;4.20.4&#8243; _module_preset=&#8221;default&#8221; width=&#8221;100%&#8221; custom_margin=&#8221;0px|0px|0px|0px|false|false&#8221; custom_padding=&#8221;0px|0px|0px|0px|false|false&#8221; collapsed=&#8221;off&#8221; global_colors_info=&#8221;{}&#8221;][et_pb_row column_structure=&#8221;1_2,1_2&#8243; _builder_version=&#8221;4.20.4&#8243; _module_preset=&#8221;248b0b63-4e7a-4f7e-bae9-fd0e835136de&#8221; global_colors_info=&#8221;{}&#8221;][et_pb_column type=&#8221;1_2&#8243; _builder_version=&#8221;4.20.4&#8243; _module_preset=&#8221;default&#8221; background_enable_color=&#8221;off&#8221; custom_padding=&#8221;80px|180px|80px|100px|false|false&#8221; custom_padding_tablet=&#8221;80px|80px|80px|80px|false|false&#8221; custom_padding_phone=&#8221;40px|30px|40px|30px|false|false&#8221; custom_padding_last_edited=&#8221;on|phone&#8221; global_colors_info=&#8221;{}&#8221;][et_pb_text admin_label=&#8221;Headline&#8221; _builder_version=&#8221;4.20.4&#8243; _module_preset=&#8221;default&#8221; header_2_font=&#8221;Alliance No 2 &#8211; Light||||||||&#8221; header_2_text_color=&#8221;#2e2a2b&#8221; header_2_font_size=&#8221;44px&#8221; header_2_line_height=&#8221;1.2em&#8221; width_tablet=&#8221;100%&#8221; width_phone=&#8221;100%&#8221; width_last_edited=&#8221;on|tablet&#8221; custom_margin=&#8221;0px|0px|0px|0px|false|false&#8221; custom_padding=&#8221;0px|0px|30px|0px|false|false&#8221; custom_padding_tablet=&#8221;0px|0px|30px|0px|false|false&#8221; custom_padding_phone=&#8221;0px|0px|22px|0px|false|false&#8221; custom_padding_last_edited=&#8221;on|phone&#8221; header_2_font_size_tablet=&#8221;44px&#8221; header_2_font_size_phone=&#8221;30px&#8221; header_2_font_size_last_edited=&#8221;on|phone&#8221; custom_css_main_element=&#8221;max-width: 440px;&#8221; global_colors_info=&#8221;{}&#8221; custom_css_main_element_last_edited=&#8221;on|phone&#8221; custom_css_main_element_tablet=&#8221;max-width: unset;&#8221; custom_css_main_element_phone=&#8221;max-width: unset;&#8221;]<\/p>\n<h2>Discover our high quality fabrics<\/h2>\n<p>[\/et_pb_text][et_pb_text _builder_version=&#8221;4.20.4&#8243; _module_preset=&#8221;default&#8221; text_font=&#8221;Alliance No 2 &#8211; Light||||||||&#8221; text_text_color=&#8221;#2e2a2b&#8221; text_letter_spacing=&#8221;0.5px&#8221; text_line_height=&#8221;1.6em&#8221; width_tablet=&#8221;100%&#8221; width_phone=&#8221;100%&#8221; width_last_edited=&#8221;on|desktop&#8221; custom_padding=&#8221;||40px||false|false&#8221; custom_padding_tablet=&#8221;||40px||false|false&#8221; custom_padding_phone=&#8221;||22px||false|false&#8221; custom_padding_last_edited=&#8221;on|phone&#8221; text_font_size_tablet=&#8221;&#8221; text_font_size_phone=&#8221;16px&#8221; text_font_size_last_edited=&#8221;on|phone&#8221; custom_css_main_element=&#8221;max-width: 440px;&#8221; global_colors_info=&#8221;{}&#8221; custom_css_main_element_last_edited=&#8221;on|desktop&#8221; custom_css_main_element_tablet=&#8221;max-width: unset;&#8221; custom_css_main_element_phone=&#8221;max-width: unset;&#8221;]<\/p>\n<p>Our exclusive fabric collection offers you a variety of colors, patterns and durable materials. Discover our first-class materials now and find out more about the individual material compositions on our fabric data sheets.<\/p>\n<p>[\/et_pb_text][et_pb_button button_url=&#8221;https:\/\/www.topstar.de\/stoffe\/&#8221; button_text=&#8221;To the fabrics&#8221; _builder_version=&#8221;4.20.4&#8243; _module_preset=&#8221;dc79aa68-08a4-47a0-b1f5-b9e665cca7e6&#8243; global_colors_info=&#8221;{}&#8221;][\/et_pb_button][\/et_pb_column][et_pb_column type=&#8221;1_2&#8243; _builder_version=&#8221;4.20.4&#8243; _module_preset=&#8221;default&#8221; custom_padding=&#8221;0px|0px|0px|0px|false|false&#8221; global_colors_info=&#8221;{}&#8221;][et_pb_image src=&#8221;https:\/\/www.topstar.de\/app\/uploads\/2024\/09\/Modul-07_Planung_SU_2560x1707px.jpg&#8221; title_text=&#8221;Modul 07_Planung_SU_2560x1707px&#8221; _builder_version=&#8221;4.20.4&#8243; _module_preset=&#8221;default&#8221; min_height=&#8221;100%&#8221; height=&#8221;100%&#8221; max_height=&#8221;100%&#8221; global_colors_info=&#8221;{}&#8221;][\/et_pb_image][\/et_pb_column][\/et_pb_row][\/et_pb_section][et_pb_section fb_built=&#8221;1&#8243; admin_label=&#8221;TOP-06-teaser-dual-in-frame&#8221; _builder_version=&#8221;4.20.4&#8243; _module_preset=&#8221;default&#8221; background_color=&#8221;#fcfaf7&#8243; width=&#8221;100%&#8221; custom_css_main_element=&#8221;display: flex;||justify-content: center;||gap: 40px;&#8221; saved_tabs=&#8221;all&#8221; locked=&#8221;off&#8221; collapsed=&#8221;on&#8221; global_colors_info=&#8221;{}&#8221; custom_css_main_element_last_edited=&#8221;on|phone&#8221; custom_css_main_element_phone=&#8221;display: flex;||flex-direction: column;||gap: 0px;&#8221; custom_css_main_element_tablet=&#8221;display: flex;||justify-content: center;||gap: 40px;&#8221;][et_pb_row _builder_version=&#8221;4.20.4&#8243; _module_preset=&#8221;default&#8221; width=&#8221;40%&#8221; width_tablet=&#8221;40%&#8221; width_phone=&#8221;80%&#8221; width_last_edited=&#8221;on|desktop&#8221; max_width=&#8221;540px&#8221; custom_margin=&#8221;0px|0px|0px|0px|false|false&#8221; custom_margin_tablet=&#8221;0px|0px|0px|0px|false|false&#8221; custom_margin_phone=&#8221;|auto||auto|false|false&#8221; custom_margin_last_edited=&#8221;on|phone&#8221; global_colors_info=&#8221;{}&#8221;][et_pb_column type=&#8221;4_4&#8243; _builder_version=&#8221;4.20.4&#8243; _module_preset=&#8221;default&#8221; global_colors_info=&#8221;{}&#8221;][et_pb_text admin_label=&#8221;Headline&#8221; _builder_version=&#8221;4.20.4&#8243; _module_preset=&#8221;default&#8221; header_3_font=&#8221;Alliance No 2 &#8211; Light||||||||&#8221; header_3_text_color=&#8221;#2e2a2b&#8221; header_3_font_size=&#8221;34px&#8221; header_3_line_height=&#8221;1.2em&#8221; custom_margin=&#8221;||0px||false|false&#8221; custom_padding=&#8221;||30px||false|false&#8221; custom_padding_tablet=&#8221;||22px||false|false&#8221; custom_padding_phone=&#8221;||20px||false|false&#8221; custom_padding_last_edited=&#8221;on|phone&#8221; global_colors_info=&#8221;{}&#8221;]<\/p>\n<h3 style=\"text-align: center;\"><span data-teams=\"true\"><span class=\"ui-provider a b c d e f g h i j k l m n o p q r s t u v w x y z ab ac ae af ag ah ai aj ak\" dir=\"ltr\">Find the right retail partner in your area!<\/span><\/span><\/h3>\n<p>[\/et_pb_text][et_pb_button button_url=&#8221;https:\/\/www.topstar.de\/haendlersuche\/&#8221; button_text=&#8221;To dealer search&#8221; button_alignment=&#8221;center&#8221; _builder_version=&#8221;4.20.4&#8243; _module_preset=&#8221;dc79aa68-08a4-47a0-b1f5-b9e665cca7e6&#8243; locked=&#8221;off&#8221; global_colors_info=&#8221;{}&#8221;][\/et_pb_button][\/et_pb_column][\/et_pb_row][\/et_pb_section]<\/p>\n","protected":false},"excerpt":{"rendered":"<p>DownloadsDiscover our high quality fabricsOur exclusive fabric collection offers you a variety of colors, patterns and durable materials. Discover our first-class materials now and find out more about the individual material compositions on our fabric data sheets.Find the right retail partner in your area!<\/p>\n","protected":false},"author":24,"featured_media":0,"parent":0,"menu_order":0,"comment_status":"closed","ping_status":"closed","template":"","meta":{"_acf_changed":false,"_et_pb_use_builder":"on","_et_pb_old_content":"[et_pb_section fb_built=\"1\" admin_label=\"TOP-15-text-in-frame-beige\" _builder_version=\"4.20.4\" _module_preset=\"d0de131b-a4f2-4016-8dfe-72f73d5b12d7\" collapsed=\"off\" global_colors_info=\"{}\"][et_pb_row _builder_version=\"4.20.4\" _module_preset=\"default\" custom_margin=\"||||false|false\" custom_padding=\"0px|0px|0px|0px|false|false\" global_colors_info=\"{}\"][et_pb_column type=\"4_4\" _builder_version=\"4.20.4\" _module_preset=\"default\" global_colors_info=\"{}\"][et_pb_text admin_label=\"Headline\" module_class=\"top-hero-mirror-h1\" _builder_version=\"4.20.4\" _module_preset=\"default\" text_font=\"|300|||||||\" text_text_color=\"#000000\" text_font_size=\"16px\" text_line_height=\"1.8em\" header_font=\"Stag Sans Light||||||||\" header_text_align=\"left\" header_text_color=\"#000000\" header_font_size=\"60px\" header_line_height=\"64px\" header_2_font=\"Alliance No 2 - Light||||||||\" header_2_text_color=\"#2e2a2b\" header_2_font_size=\"44px\" header_2_line_height=\"1.3em\" header_3_font=\"Stag Sans Light||||||||\" header_3_text_color=\"#000000\" header_3_font_size=\"28px\" header_3_line_height=\"38px\" header_4_font=\"Stag Sans Light||||||||\" header_4_text_color=\"#000000\" header_4_font_size=\"20px\" header_4_line_height=\"28px\" header_5_font=\"Source Sans Pro||||||||\" header_5_text_color=\"#000000\" header_5_font_size=\"20px\" header_5_line_height=\"28px\" header_6_font=\"Source Sans Pro Semibold||||||||\" header_6_text_color=\"#000000\" header_6_font_size=\"18px\" header_6_line_height=\"26px\" max_width_tablet=\"\" max_width_phone=\"\" max_width_last_edited=\"on|phone\" module_alignment=\"left\" custom_margin=\"0px|0px|0px|0px|false|false\" custom_padding=\"0px|0px|0px|0px|false|false\" header_font_size_tablet=\"\" header_font_size_phone=\"46px\" header_font_size_last_edited=\"on|desktop\" header_line_height_tablet=\"\" header_line_height_phone=\"48px\" header_line_height_last_edited=\"on|phone\" header_2_font_tablet=\"Alliance No 2 - Light||||||||\" header_2_font_phone=\"Alliance No 2 - Light||||||||\" header_2_font_last_edited=\"on|phone\" header_2_font_size_tablet=\"44px\" header_2_font_size_phone=\"30px\" header_2_font_size_last_edited=\"on|phone\" locked=\"off\" global_colors_info=\"%91%93\"]\n<h2>Downloads<\/h2>\n[\/et_pb_text][\/et_pb_column][\/et_pb_row][\/et_pb_section][et_pb_section fb_built=\"1\" admin_label=\"TOP-130-text-left-picture-right-fullwidth\" module_class=\"TOP-130-text-left-picture-right-fullwidth\" _builder_version=\"4.20.4\" _module_preset=\"default\" width=\"100%\" custom_margin=\"0px|0px|0px|0px|false|false\" custom_padding=\"0px|0px|0px|0px|false|false\" collapsed=\"off\" global_colors_info=\"{}\"][et_pb_row column_structure=\"1_2,1_2\" _builder_version=\"4.20.4\" _module_preset=\"248b0b63-4e7a-4f7e-bae9-fd0e835136de\" global_colors_info=\"{}\"][et_pb_column type=\"1_2\" _builder_version=\"4.20.4\" _module_preset=\"default\" background_enable_color=\"off\" custom_padding=\"80px|180px|80px|100px|false|false\" custom_padding_tablet=\"80px|80px|80px|80px|false|false\" custom_padding_phone=\"40px|30px|40px|30px|false|false\" custom_padding_last_edited=\"on|phone\" global_colors_info=\"{}\"][et_pb_text admin_label=\"Headline\" _builder_version=\"4.20.4\" _module_preset=\"default\" header_2_font=\"Alliance No 2 - Light||||||||\" header_2_text_color=\"#2e2a2b\" header_2_font_size=\"44px\" header_2_line_height=\"1.2em\" width_tablet=\"100%\" width_phone=\"100%\" width_last_edited=\"on|tablet\" custom_margin=\"0px|0px|0px|0px|false|false\" custom_padding=\"0px|0px|30px|0px|false|false\" custom_padding_tablet=\"0px|0px|30px|0px|false|false\" custom_padding_phone=\"0px|0px|22px|0px|false|false\" custom_padding_last_edited=\"on|phone\" header_2_font_size_tablet=\"44px\" header_2_font_size_phone=\"30px\" header_2_font_size_last_edited=\"on|phone\" custom_css_main_element=\"max-width: 440px;\" global_colors_info=\"{}\" custom_css_main_element_last_edited=\"on|phone\" custom_css_main_element_tablet=\"max-width: unset;\" custom_css_main_element_phone=\"max-width: unset;\"]\n<h2>Entdecke unsere hochwertigen Stoffe<\/h2>\n[\/et_pb_text][et_pb_text _builder_version=\"4.20.4\" _module_preset=\"default\" text_font=\"Alliance No 2 - Light||||||||\" text_text_color=\"#2e2a2b\" text_letter_spacing=\"0.5px\" text_line_height=\"1.6em\" width_tablet=\"100%\" width_phone=\"100%\" width_last_edited=\"on|desktop\" custom_padding=\"||40px||false|false\" custom_padding_tablet=\"||40px||false|false\" custom_padding_phone=\"||22px||false|false\" custom_padding_last_edited=\"on|phone\" hover_enabled=\"0\" text_font_size_tablet=\"\" text_font_size_phone=\"16px\" text_font_size_last_edited=\"on|phone\" custom_css_main_element=\"max-width: 440px;\" global_colors_info=\"{}\" custom_css_main_element_last_edited=\"on|desktop\" custom_css_main_element_tablet=\"max-width: unset;\" custom_css_main_element_phone=\"max-width: unset;\" sticky_enabled=\"0\"]\n\nUnsere exklusive Stoffkollektion bietet Dir eine Vielzahl an Farben, Mustern und strapazierf\u00e4higen Materialien. Entdecke jetzt unsere erstklassigen Materielien und erfahre mehr \u00fcber die einzelnen Materialzusammensetzungen auf unseren Stoffdatenbl\u00e4ttern.\n\n[\/et_pb_text][et_pb_button button_url=\"https:\/\/www.topstar.de\/stoffe\/\" button_text=\"Zu den Stoffen\" _builder_version=\"4.20.4\" _module_preset=\"dc79aa68-08a4-47a0-b1f5-b9e665cca7e6\" global_colors_info=\"{}\"][\/et_pb_button][\/et_pb_column][et_pb_column type=\"1_2\" _builder_version=\"4.20.4\" _module_preset=\"default\" custom_padding=\"0px|0px|0px|0px|false|false\" global_colors_info=\"{}\"][et_pb_image src=\"https:\/\/www.topstar.de\/app\/uploads\/2024\/09\/Modul-07_Planung_SU_2560x1707px.jpg\" title_text=\"Modul 07_Planung_SU_2560x1707px\" _builder_version=\"4.20.4\" _module_preset=\"default\" min_height=\"100%\" height=\"100%\" max_height=\"100%\" global_colors_info=\"{}\"][\/et_pb_image][\/et_pb_column][\/et_pb_row][\/et_pb_section][et_pb_section fb_built=\"1\" admin_label=\"TOP-06-teaser-dual-in-frame\" _builder_version=\"4.20.4\" _module_preset=\"default\" background_color=\"#fcfaf7\" width=\"100%\" custom_css_main_element=\"display: flex;||justify-content: center;||gap: 40px;\" global_module=\"72519\" saved_tabs=\"all\" locked=\"off\" collapsed=\"on\" global_colors_info=\"{}\" custom_css_main_element_last_edited=\"on|phone\" custom_css_main_element_phone=\"display: flex;||flex-direction: column;||gap: 0px;\" custom_css_main_element_tablet=\"display: flex;||justify-content: center;||gap: 40px;\"][et_pb_row _builder_version=\"4.20.4\" _module_preset=\"default\" width=\"40%\" width_tablet=\"40%\" width_phone=\"80%\" width_last_edited=\"on|desktop\" max_width=\"540px\" custom_margin=\"0px|0px|0px|0px|false|false\" custom_margin_tablet=\"0px|0px|0px|0px|false|false\" custom_margin_phone=\"|auto||auto|false|false\" custom_margin_last_edited=\"on|phone\" global_colors_info=\"{}\"][et_pb_column type=\"4_4\" _builder_version=\"4.20.4\" _module_preset=\"default\" global_colors_info=\"{}\"][et_pb_text admin_label=\"Headline\" _builder_version=\"4.20.4\" _module_preset=\"default\" header_3_font=\"Alliance No 2 - Light||||||||\" header_3_text_color=\"#2e2a2b\" header_3_font_size=\"34px\" header_3_line_height=\"1.2em\" custom_margin=\"||0px||false|false\" custom_padding=\"||30px||false|false\" custom_padding_tablet=\"||22px||false|false\" custom_padding_phone=\"||20px||false|false\" custom_padding_last_edited=\"on|phone\" global_colors_info=\"{}\"]\n<h3 style=\"text-align: center\">Finde den passenden Handelspartner in Deiner N\u00e4he!<\/h3>\n[\/et_pb_text][et_pb_button button_url=\"https:\/\/www.topstar.de\/haendlersuche\/\" button_text=\"Zur H\u00e4ndlersuche\" button_alignment=\"center\" _builder_version=\"4.20.4\" _module_preset=\"dc79aa68-08a4-47a0-b1f5-b9e665cca7e6\" locked=\"off\" global_colors_info=\"{}\"][\/et_pb_button][\/et_pb_column][\/et_pb_row][\/et_pb_section]","_et_gb_content_width":"","footnotes":""},"class_list":["post-77018","page","type-page","status-publish","hentry"],"acf":[],"yoast_head":"<!-- This site is optimized with the Yoast SEO plugin v26.8 - https:\/\/yoast.com\/product\/yoast-seo-wordpress\/ -->\n<title>Downloads - Topstar!<\/title>\n<meta name=\"robots\" content=\"index, follow, max-snippet:-1, max-image-preview:large, max-video-preview:-1\" \/>\n<link rel=\"canonical\" href=\"https:\/\/www.topstar.de\/en\/downloads\/\" \/>\n<meta property=\"og:locale\" content=\"en_US\" \/>\n<meta property=\"og:type\" content=\"article\" \/>\n<meta property=\"og:title\" content=\"Downloads - Topstar!\" \/>\n<meta property=\"og:description\" content=\"DownloadsDiscover our high quality fabricsOur exclusive fabric collection offers you a variety of colors, patterns and durable materials. Discover our first-class materials now and find out more about the individual material compositions on our fabric data sheets.Find the right retail partner in your area!\" \/>\n<meta property=\"og:url\" content=\"https:\/\/www.topstar.de\/en\/downloads\/\" \/>\n<meta property=\"og:site_name\" content=\"Topstar!\" \/>\n<meta property=\"article:modified_time\" content=\"2024-11-08T11:46:57+00:00\" \/>\n<meta name=\"twitter:card\" content=\"summary_large_image\" \/>\n<meta name=\"twitter:label1\" content=\"Est. reading time\" \/>\n\t<meta name=\"twitter:data1\" content=\"2 minutes\" \/>\n<script type=\"application\/ld+json\" class=\"yoast-schema-graph\">{\"@context\":\"https:\/\/schema.org\",\"@graph\":[{\"@type\":\"WebPage\",\"@id\":\"https:\/\/www.topstar.de\/en\/downloads\/\",\"url\":\"https:\/\/www.topstar.de\/en\/downloads\/\",\"name\":\"Downloads - Topstar!\",\"isPartOf\":{\"@id\":\"https:\/\/www.topstar.de\/#website\"},\"datePublished\":\"2024-04-04T06:50:56+00:00\",\"dateModified\":\"2024-11-08T11:46:57+00:00\",\"inLanguage\":\"en-US\",\"potentialAction\":[{\"@type\":\"ReadAction\",\"target\":[\"https:\/\/www.topstar.de\/en\/downloads\/\"]}]},{\"@type\":\"WebSite\",\"@id\":\"https:\/\/www.topstar.de\/#website\",\"url\":\"https:\/\/www.topstar.de\/\",\"name\":\"Topstar!\",\"description\":\"\",\"potentialAction\":[{\"@type\":\"SearchAction\",\"target\":{\"@type\":\"EntryPoint\",\"urlTemplate\":\"https:\/\/www.topstar.de\/?s={search_term_string}\"},\"query-input\":{\"@type\":\"PropertyValueSpecification\",\"valueRequired\":true,\"valueName\":\"search_term_string\"}}],\"inLanguage\":\"en-US\"}]}<\/script>\n<!-- \/ Yoast SEO plugin. -->","yoast_head_json":{"title":"Downloads - Topstar!","robots":{"index":"index","follow":"follow","max-snippet":"max-snippet:-1","max-image-preview":"max-image-preview:large","max-video-preview":"max-video-preview:-1"},"canonical":"https:\/\/www.topstar.de\/en\/downloads\/","og_locale":"en_US","og_type":"article","og_title":"Downloads - Topstar!","og_description":"DownloadsDiscover our high quality fabricsOur exclusive fabric collection offers you a variety of colors, patterns and durable materials. Discover our first-class materials now and find out more about the individual material compositions on our fabric data sheets.Find the right retail partner in your area!","og_url":"https:\/\/www.topstar.de\/en\/downloads\/","og_site_name":"Topstar!","article_modified_time":"2024-11-08T11:46:57+00:00","twitter_card":"summary_large_image","twitter_misc":{"Est. reading time":"2 minutes"},"schema":{"@context":"https:\/\/schema.org","@graph":[{"@type":"WebPage","@id":"https:\/\/www.topstar.de\/en\/downloads\/","url":"https:\/\/www.topstar.de\/en\/downloads\/","name":"Downloads - Topstar!","isPartOf":{"@id":"https:\/\/www.topstar.de\/#website"},"datePublished":"2024-04-04T06:50:56+00:00","dateModified":"2024-11-08T11:46:57+00:00","inLanguage":"en-US","potentialAction":[{"@type":"ReadAction","target":["https:\/\/www.topstar.de\/en\/downloads\/"]}]},{"@type":"WebSite","@id":"https:\/\/www.topstar.de\/#website","url":"https:\/\/www.topstar.de\/","name":"Topstar!","description":"","potentialAction":[{"@type":"SearchAction","target":{"@type":"EntryPoint","urlTemplate":"https:\/\/www.topstar.de\/?s={search_term_string}"},"query-input":{"@type":"PropertyValueSpecification","valueRequired":true,"valueName":"search_term_string"}}],"inLanguage":"en-US"}]}},"_links":{"self":[{"href":"https:\/\/www.topstar.de\/en\/wp-json\/wp\/v2\/pages\/77018","targetHints":{"allow":["GET"]}}],"collection":[{"href":"https:\/\/www.topstar.de\/en\/wp-json\/wp\/v2\/pages"}],"about":[{"href":"https:\/\/www.topstar.de\/en\/wp-json\/wp\/v2\/types\/page"}],"author":[{"embeddable":true,"href":"https:\/\/www.topstar.de\/en\/wp-json\/wp\/v2\/users\/24"}],"replies":[{"embeddable":true,"href":"https:\/\/www.topstar.de\/en\/wp-json\/wp\/v2\/comments?post=77018"}],"version-history":[{"count":5,"href":"https:\/\/www.topstar.de\/en\/wp-json\/wp\/v2\/pages\/77018\/revisions"}],"predecessor-version":[{"id":78511,"href":"https:\/\/www.topstar.de\/en\/wp-json\/wp\/v2\/pages\/77018\/revisions\/78511"}],"wp:attachment":[{"href":"https:\/\/www.topstar.de\/en\/wp-json\/wp\/v2\/media?parent=77018"}],"curies":[{"name":"wp","href":"https:\/\/api.w.org\/{rel}","templated":true}]}}